{"id":61,"date":"2021-05-28T11:49:30","date_gmt":"2021-05-28T11:49:30","guid":{"rendered":"https:\/\/www.athenastudio.co\/themes\/naxos-wp\/?page_id=61"},"modified":"2024-07-10T11:11:33","modified_gmt":"2024-07-10T09:11:33","slug":"home-style-single-image","status":"publish","type":"page","link":"https:\/\/platforma.operon.pl\/nauczyciel\/","title":{"rendered":"Home Style &#8211; Single Image"},"content":{"rendered":"<div class=\"wpb-content-wrapper\"><p>[vc_section el_id=&#8221;banner&#8221;][vc_row][vc_column]<div >[vc_row_inner content_placement=&#8221;middle&#8221; el_class=&#8221;align-items-center&#8221;][vc_column_inner el_class=&#8221;res-margin&#8221; offset=&#8221;vc_col-lg-6 vc_col-md-6&#8243;]<div class=\"banner-text\">\r\n\t\t\t\t\t<h1 class=\"wow fadeInUp\" data-wow-offset=\"10\" data-wow-duration=\"1s\" data-wow-delay=\"0s\">Platforma Operon <em>dla nauczyciela<\/em><\/h1><p class=\"wow fadeInUp\" data-wow-offset=\"10\" data-wow-duration=\"1s\" data-wow-delay=\"0.3s\">Wszystkie materia\u0142y do przygotowania i\u00a0prowadzenia lekcji w jednym miejscu: podr\u0119czniki w wersji cyfrowej, prezentacje multimedialne na lekcje, scenariusze lekcji, karty pracy, materia\u0142y metodyczne, kursy i\u00a0webinary<\/p><\/div><div class=\"button-store wow fadeInUp\" data-wow-offset=\"10\" data-wow-duration=\"1s\" data-wow-delay=\"0.6s\"><a class=\"custom-btn auto-width d-inline-flex align-items-center m-2 m-sm-0 \" href=\"https:\/\/nauczyciel.platforma.operon.pl\/auth\/saml\/index.php\" target=\"_blank\"><i class=\"fas fa-chalkboard-teacher\"><\/i><p><em>Zobacz<\/em>Platform\u0119 dla nauczyciela<\/p><\/a><\/div>[\/vc_column_inner][vc_column_inner offset=&#8221;vc_col-lg-6 vc_col-md-6&#8243;]<div class=\"banner-image wow fadeInUp\" data-wow-offset=\"10\" data-wow-duration=\"1s\" data-wow-delay=\"0.3s\">\r\n\t\t\t\t\t<img decoding=\"async\" class=\"bounce-effect\" src=\"https:\/\/platforma.operon.pl\/nauczyciel\/wp-content\/uploads\/2024\/07\/laptop-header1.png\" alt=\"\" \/>\r\n\t\t\t\t <\/div>[\/vc_column_inner][\/vc_row_inner]<\/div>[\/vc_column][\/vc_row][\/vc_section][vc_section el_id=&#8221;clients&#8221; el_class=&#8221;section-box bg-grey&#8221;][\/vc_section][vc_section el_id=&#8221;features&#8221;][vc_row][vc_column]<div class=\"row justify-content-center\"><div class=\"col-12 col-md-10 col-lg-6\"><div class=\"section-title text-center  \"><h3>Ca\u0142y warsztat pracy nauczyciela w jednym miejscu<\/h3><p>Jedno logowanie \u2013 dost\u0119p do wszystkich materia\u0142\u00f3w i\u00a0narz\u0119dzi<\/p><\/div><\/div><\/div>[\/vc_column][\/vc_row][vc_row el_class=&#8221;vc_row-flex align-items-center&#8221;][vc_column width=&#8221;1\/3&#8243;]<ul class=\"features-item\" ><li> \r\n\t\t\t\t\t<div class=\"feature-box  d-flex\"> \r\n\t\t\t\t\t\t<div class=\"box-icon\">\r\n\t\t\t\t\t\t\t<div class=\"icon icon-basic-spread-bookmark\">\r\n\t\t\t\t\t\t\t\t\r\n\t\t\t\t\t\t\t<\/div>\r\n\t\t\t\t\t\t<\/div>\r\n\t\t\t\t\t\t<div class=\"box-text align-self-center align-self-md-start\"><h4>Podr\u0119czniki w wersji cyfrowej<\/h4><p>Pe\u0142na wersja podr\u0119cznik\u00f3w z uwzgl\u0119dnieniem zmian w\u00a0podstawie programowej 2024<\/p><\/div>\r\n\t\t\t\t\t<\/div>\r\n\t\t\t\t<\/li><li> \r\n\t\t\t\t\t<div class=\"feature-box  d-flex\"> \r\n\t\t\t\t\t\t<div class=\"box-icon\">\r\n\t\t\t\t\t\t\t<div class=\"icon icon-basic-display\">\r\n\t\t\t\t\t\t\t\t\r\n\t\t\t\t\t\t\t<\/div>\r\n\t\t\t\t\t\t<\/div>\r\n\t\t\t\t\t\t<div class=\"box-text align-self-center align-self-md-start\"><h4>Prezentacje multimedialne<\/h4><p>Materia\u0142y do poprowadzenia zaj\u0119\u0107 przyporz\u0105dkowane do temat\u00f3w z podr\u0119cznika<\/p><\/div>\r\n\t\t\t\t\t<\/div>\r\n\t\t\t\t<\/li><li> \r\n\t\t\t\t\t<div class=\"feature-box  d-flex\"> \r\n\t\t\t\t\t\t<div class=\"box-icon\">\r\n\t\t\t\t\t\t\t<div class=\"icon icon-basic-book\">\r\n\t\t\t\t\t\t\t\t\r\n\t\t\t\t\t\t\t<\/div>\r\n\t\t\t\t\t\t<\/div>\r\n\t\t\t\t\t\t<div class=\"box-text align-self-center align-self-md-start\"><h4>Scenariusze lekcji<\/h4><p>Scenariusze do ka\u017cdego tematu<\/p><\/div>\r\n\t\t\t\t\t<\/div>\r\n\t\t\t\t<\/li><\/ul>[\/vc_column][vc_column width=&#8221;1\/3&#8243; offset=&#8221;vc_hidden-xs&#8221;][vc_single_image image=&#8221;281&#8243; img_size=&#8221;full&#8221; alignment=&#8221;center&#8221; css=&#8221;&#8221;][\/vc_column][vc_column width=&#8221;1\/3&#8243;]<ul class=\"features-item\" ><li> \r\n\t\t\t\t\t<div class=\"feature-box  d-flex\"> \r\n\t\t\t\t\t\t<div class=\"box-icon\">\r\n\t\t\t\t\t\t\t<div class=\"icon icon-basic-archive-full\">\r\n\t\t\t\t\t\t\t\t\r\n\t\t\t\t\t\t\t<\/div>\r\n\t\t\t\t\t\t<\/div>\r\n\t\t\t\t\t\t<div class=\"box-text align-self-center align-self-md-start\"><h4>Materia\u0142y metodyczne<\/h4><p>Plany wynikowe i dydaktyczne, programy nauczania oraz niezb\u0119dna szkolna dokumentacja<\/p><\/div>\r\n\t\t\t\t\t<\/div>\r\n\t\t\t\t<\/li><li> \r\n\t\t\t\t\t<div class=\"feature-box  d-flex\"> \r\n\t\t\t\t\t\t<div class=\"box-icon\">\r\n\t\t\t\t\t\t\t<div class=\"icon icon-music-play-button\">\r\n\t\t\t\t\t\t\t\t\r\n\t\t\t\t\t\t\t<\/div>\r\n\t\t\t\t\t\t<\/div>\r\n\t\t\t\t\t\t<div class=\"box-text align-self-center align-self-md-start\"><h4>Kursy i webinary<\/h4><p>Spotkania i materia\u0142y wspieraj\u0105ce rozw\u00f3j osobisty i zawodowy nauczycieli<\/p><\/div>\r\n\t\t\t\t\t<\/div>\r\n\t\t\t\t<\/li><li> \r\n\t\t\t\t\t<div class=\"feature-box  d-flex\"> \r\n\t\t\t\t\t\t<div class=\"box-icon\">\r\n\t\t\t\t\t\t\t<div class=\"icon icon-basic-gear\">\r\n\t\t\t\t\t\t\t\t\r\n\t\t\t\t\t\t\t<\/div>\r\n\t\t\t\t\t\t<\/div>\r\n\t\t\t\t\t\t<div class=\"box-text align-self-center align-self-md-start\"><h4>Generator test\u00f3w<\/h4><p>Narz\u0119dzie do tworzenia sprawdzian\u00f3w, kartk\u00f3wek i\u00a0test\u00f3w<\/p><\/div>\r\n\t\t\t\t\t<\/div>\r\n\t\t\t\t<\/li><\/ul>[\/vc_column][\/vc_row][\/vc_section][vc_section el_id=&#8221;services&#8221;][vc_row][vc_column]<div class=\"row justify-content-center\"><div class=\"col-12 col-md-10 col-lg-6\"><div class=\"section-title text-center  \"><h3>Jak to dzia\u0142a?<\/h3><p><span class=\"ui-provider a b c d e f g h i j k l m n o p q r s t u v w x y z ab ac ae af ag ah ai aj ak\" dir=\"ltr\">Platforma Operon jest bezp\u0142atna i przeznaczona dla nauczycieli szk\u00f3\u0142 ponadpodstawowych.<\/span><\/p><\/div><\/div><\/div>[\/vc_column][\/vc_row][vc_row][vc_column width=&#8221;1\/3&#8243;]<div class=\"service-single  res-margin wow fadeInUp\" data-wow-offset=\"10\" data-wow-duration=\"1s\" data-wow-delay=\"0s\">\r\n\t\t\t\t\t<div class=\"icon icon-arrows-check\">\r\n\t\t\t\t\t\t\r\n\t\t\t\t\t<\/div>\r\n\t\t\t\t\t<h5>Zaloguj si\u0119<\/h5>\r\n\t\t\t\t\t<p>&nbsp;<\/p>\r\n\t\t\t\t<\/div>[\/vc_column][vc_column width=&#8221;1\/3&#8243;]<div class=\"service-single  res-margin wow fadeInUp\" data-wow-offset=\"10\" data-wow-duration=\"1s\" data-wow-delay=\"0.3s\">\r\n\t\t\t\t\t<div class=\"icon icon-basic-elaboration-calendar-check\">\r\n\t\t\t\t\t\t\r\n\t\t\t\t\t<\/div>\r\n\t\t\t\t\t<h5>Wybierz sw\u00f3j przedmiot i podr\u0119cznik<\/h5>\r\n\t\t\t\t\t<p><\/p>\r\n\t\t\t\t<\/div>[\/vc_column][vc_column width=&#8221;1\/3&#8243;]<div class=\"service-single  res-margin wow fadeInUp\" data-wow-offset=\"10\" data-wow-duration=\"1s\" data-wow-delay=\"0.6s\">\r\n\t\t\t\t\t<div class=\"icon icon-basic-download\">\r\n\t\t\t\t\t\t\r\n\t\t\t\t\t<\/div>\r\n\t\t\t\t\t<h5>Korzystaj z materia\u0142\u00f3w do danej lekcji<\/h5>\r\n\t\t\t\t\t<p><\/p>\r\n\t\t\t\t<\/div>[\/vc_column][\/vc_row][\/vc_section][vc_section el_id=&#8221;overview&#8221; el_class=&#8221;bg-grey&#8221;][vc_row][vc_column width=&#8221;5\/12&#8243; el_class=&#8221;text-sm-center res-margin&#8221;][vc_single_image image=&#8221;310&#8243; img_size=&#8221;full&#8221; alignment=&#8221;center&#8221; css=&#8221;&#8221;][\/vc_column][vc_column width=&#8221;1\/2&#8243; offset=&#8221;vc_col-lg-offset-1 vc_col-sm-offset-1&#8243;]<div class=\"section-title text-center text-lg-start \"><h3>Dlaczego warto?<\/h3><\/div><div class=\"overview-item\" ><div class=\"overview-box d-flex flex-wrap\">\r\n\t\t\t\t\t<div class=\"icon icon-basic-clock\">\r\n\t\t\t\t\t\t\r\n\t\t\t\t\t<\/div>\r\n\t\t\t\t\t<div class=\"content\">\r\n\t\t\t\t\t\t<h6 class=\"font-weight-bold mb-2 mt-0\">Oszcz\u0119dno\u015b\u0107 czasu<\/h6>\r\n\t\t\t\t\t\t<p>Gotowa propozycja materia\u0142\u00f3w wyselekcjonowanych do ka\u017cdej lekcji<\/p>\r\n\t\t\t\t\t<\/div>\r\n\t\t\t\t<\/div><div class=\"overview-box d-flex flex-wrap\">\r\n\t\t\t\t\t<div class=\"icon icon-basic-upload\">\r\n\t\t\t\t\t\t\r\n\t\t\t\t\t<\/div>\r\n\t\t\t\t\t<div class=\"content\">\r\n\t\t\t\t\t\t<h6 class=\"font-weight-bold mb-2 mt-0\">\u0141atwe wy\u015bwietlanie na lekcji<\/h6>\r\n\t\t\t\t\t\t<p>Mo\u017cliwo\u015b\u0107 wy\u015bwietlenia materia\u0142\u00f3w dla uczni\u00f3w jednym klikni\u0119ciem<\/p>\r\n\t\t\t\t\t<\/div>\r\n\t\t\t\t<\/div><div class=\"overview-box d-flex flex-wrap\">\r\n\t\t\t\t\t<div class=\"icon icon-basic-lightbulb\">\r\n\t\t\t\t\t\t\r\n\t\t\t\t\t<\/div>\r\n\t\t\t\t\t<div class=\"content\">\r\n\t\t\t\t\t\t<h6 class=\"font-weight-bold mb-2 mt-0\">Inspiracje na lekcje<\/h6>\r\n\t\t\t\t\t\t<p>Bogata baza pomys\u0142\u00f3w na \u0107wiczenia anga\u017cuj\u0105ce uczni\u00f3w<\/p>\r\n\t\t\t\t\t<\/div>\r\n\t\t\t\t<\/div><div class=\"overview-box d-flex flex-wrap\">\r\n\t\t\t\t\t<div class=\"icon icon-arrows-info\">\r\n\t\t\t\t\t\t\r\n\t\t\t\t\t<\/div>\r\n\t\t\t\t\t<div class=\"content\">\r\n\t\t\t\t\t\t<h6 class=\"font-weight-bold mb-2 mt-0\">Zawsze aktualne materia\u0142y<\/h6>\r\n\t\t\t\t\t\t<p>Cyfrowa wersja materia\u0142\u00f3w dostosowywanych na bie\u017c\u0105co do potrzeb nauczycieli i wytycznych MEN<\/p>\r\n\t\t\t\t\t<\/div>\r\n\t\t\t\t<\/div><\/div>[\/vc_column][\/vc_row][\/vc_section][vc_section][vc_row][vc_column]<div class=\"row justify-content-center\"><div class=\"col-12 col-md-10 col-lg-6\"><div class=\"section-title text-center  \"><h3>Najcz\u0119\u015bciej zadawane pytania<\/h3><\/div><\/div><\/div><div id=\"accordion1\" class=\"accordion\" role=\"tablist\" ><div class=\"accordion-item\">\r\n\t\t\t\t\t<div class=\"accordion-header\" id=\"heading-1\">\r\n\t\t\t\t\t\t<h5><a class=\"accordion-button collapsed\" href=\"#collapse-1\" role=\"button\" aria-expanded=\"false\" data-bs-toggle=\"collapse\" aria-controls=\"collapse-1\">Czy w platformie znajd\u0119 wszystkie materia\u0142y potrzebne do przygotowania i prowadzenia lekcji?<\/a><\/h5>\r\n\t\t\t\t\t<\/div>\r\n\t\t\t\t\t<div id=\"collapse-1\" class=\"accordion-collapse collapse \" aria-labelledby=\"heading-1\" data-bs-parent=\"#accordion1\">\r\n\t\t\t\t\t\t<div class=\"accordion-body\">\r\n\t\t\t\t\t\t\t<p>T<span class=\"TextRun SCXW181887186 BCX0\" lang=\"PL-PL\" xml:lang=\"PL-PL\" data-contrast=\"auto\"><span class=\"NormalTextRun SCXW181887186 BCX0\">ak. W platformie znajduj\u0105 si\u0119<\/span><span class=\"NormalTextRun SCXW181887186 BCX0\"> wszystkie materia\u0142y, takie jak: <\/span><span class=\"NormalTextRun SCXW181887186 BCX0\">podr\u0119czniki, <\/span><span class=\"NormalTextRun SCXW181887186 BCX0\">scenariusze lekcji, prezentacje na lekcje, <\/span><span class=\"NormalTextRun SCXW181887186 BCX0\">karty <\/span><span class=\"NormalTextRun SCXW181887186 BCX0\">pracy, <\/span><span class=\"NormalTextRun SCXW181887186 BCX0\">plany metodyczne<\/span><span class=\"NormalTextRun SCXW181887186 BCX0\"> oraz generator test\u00f3w<\/span><span class=\"NormalTextRun SCXW181887186 BCX0\"> i kursy dla nauczycieli<\/span><span class=\"NormalTextRun SCXW181887186 BCX0\">. <\/span><span class=\"NormalTextRun SCXW181887186 BCX0\">Wszystko<\/span><span class=\"NormalTextRun SCXW181887186 BCX0\"> w jednym miejscu.<\/span><\/span><span class=\"EOP SCXW181887186 BCX0\" data-ccp-props=\"{&quot;134233117&quot;:true,&quot;134233118&quot;:true,&quot;201341983&quot;:0,&quot;335559685&quot;:720,&quot;335559739&quot;:160,&quot;335559740&quot;:240}\">\u00a0<\/span><\/p>\r\n\t\t\t\t\t\t<\/div>\r\n\t\t\t\t\t<\/div>\r\n\t\t\t\t<\/div><\/div><div id=\"accordion2\" class=\"accordion\" role=\"tablist\" ><div class=\"accordion-item\">\r\n\t\t\t\t\t<div class=\"accordion-header\" id=\"heading-2\">\r\n\t\t\t\t\t\t<h5><a class=\"accordion-button collapsed\" href=\"#collapse-2\" role=\"button\" aria-expanded=\"false\" data-bs-toggle=\"collapse\" aria-controls=\"collapse-2\">Czy je\u015bli mam konto Operon, to musz\u0119 si\u0119 dodatkowo rejestrowa\u0107 na platformie?<\/a><\/h5>\r\n\t\t\t\t\t<\/div>\r\n\t\t\t\t\t<div id=\"collapse-2\" class=\"accordion-collapse collapse \" aria-labelledby=\"heading-2\" data-bs-parent=\"#accordion2\">\r\n\t\t\t\t\t\t<div class=\"accordion-body\">\r\n\t\t\t\t\t\t\t<p><span class=\"TextRun SCXW6351817 BCX0\" lang=\"PL-PL\" xml:lang=\"PL-PL\" data-contrast=\"auto\"><span class=\"NormalTextRun SCXW6351817 BCX0\">Nie ma takiej potrzeby. Do Platformy Operon dla nauczyciela mo\u017c<\/span><span class=\"NormalTextRun SCXW6351817 BCX0\">na si\u0119 logowa\u0107 tym samym loginem i has\u0142em, jakiego u\u017cywacie Pa\u0144stwo do wszystkich innych narz\u0119dzi Operonu.<\/span><span class=\"NormalTextRun SCXW6351817 BCX0\"> Jedno logowanie \u2013 dost\u0119p do wszystkich materia\u0142\u00f3w i narz\u0119dzi.<\/span><\/span><\/p>\r\n\t\t\t\t\t\t<\/div>\r\n\t\t\t\t\t<\/div>\r\n\t\t\t\t<\/div><\/div><div id=\"accordion3\" class=\"accordion\" role=\"tablist\" ><div class=\"accordion-item\">\r\n\t\t\t\t\t<div class=\"accordion-header\" id=\"heading-3\">\r\n\t\t\t\t\t\t<h5><a class=\"accordion-button collapsed\" href=\"#collapse-3\" role=\"button\" aria-expanded=\"false\" data-bs-toggle=\"collapse\" aria-controls=\"collapse-3\">Czy dost\u0119p do materia\u0142\u00f3w jest bezp\u0142atny?<\/a><\/h5>\r\n\t\t\t\t\t<\/div>\r\n\t\t\t\t\t<div id=\"collapse-3\" class=\"accordion-collapse collapse \" aria-labelledby=\"heading-3\" data-bs-parent=\"#accordion3\">\r\n\t\t\t\t\t\t<div class=\"accordion-body\">\r\n\t\t\t\t\t\t\t<p><span class=\"TextRun SCXW71054522 BCX0\" lang=\"PL-PL\" xml:lang=\"PL-PL\" data-contrast=\"auto\"><span class=\"ui-provider a b c d e f g h i j k l m n o p q r s t u v w x y z ab ac ae af ag ah ai aj ak\" dir=\"ltr\">Tak. Dost\u0119p dla nauczycieli jest bezp\u0142atny.<\/span><br \/>\n<\/span><\/p>\r\n\t\t\t\t\t\t<\/div>\r\n\t\t\t\t\t<\/div>\r\n\t\t\t\t<\/div><\/div><div id=\"accordion4\" class=\"accordion\" role=\"tablist\" ><div class=\"accordion-item\">\r\n\t\t\t\t\t<div class=\"accordion-header\" id=\"heading-4\">\r\n\t\t\t\t\t\t<h5><a class=\"accordion-button collapsed\" href=\"#collapse-4\" role=\"button\" aria-expanded=\"false\" data-bs-toggle=\"collapse\" aria-controls=\"collapse-4\">Czy dost\u0119p do materia\u0142\u00f3w maj\u0105 wy\u0142\u0105cznie nauczyciele i dyrektorzy?<\/a><\/h5>\r\n\t\t\t\t\t<\/div>\r\n\t\t\t\t\t<div id=\"collapse-4\" class=\"accordion-collapse collapse \" aria-labelledby=\"heading-4\" data-bs-parent=\"#accordion4\">\r\n\t\t\t\t\t\t<div class=\"accordion-body\">\r\n\t\t\t\t\t\t\t<p><span class=\"TextRun SCXW162543590 BCX0\" lang=\"PL-PL\" xml:lang=\"PL-PL\" data-contrast=\"auto\"><span class=\"NormalTextRun SCXW162543590 BCX0\">Tak<\/span><span class=\"NormalTextRun SCXW162543590 BCX0\">. Platforma jest serwisem dost\u0119pnym wy\u0142\u0105cznie dla nauczycieli i dyrektor\u00f3w szk\u00f3\u0142.<\/span><\/span><\/p>\r\n\t\t\t\t\t\t<\/div>\r\n\t\t\t\t\t<\/div>\r\n\t\t\t\t<\/div><\/div><div id=\"accordion5\" class=\"accordion\" role=\"tablist\" ><div class=\"accordion-item\">\r\n\t\t\t\t\t<div class=\"accordion-header\" id=\"heading-5\">\r\n\t\t\t\t\t\t<h5><a class=\"accordion-button collapsed\" href=\"#collapse-5\" role=\"button\" aria-expanded=\"false\" data-bs-toggle=\"collapse\" aria-controls=\"collapse-5\">Czy w platformie znajd\u0119 wszystkie podr\u0119czniki do szko\u0142y ponadpodstawowej?<\/a><\/h5>\r\n\t\t\t\t\t<\/div>\r\n\t\t\t\t\t<div id=\"collapse-5\" class=\"accordion-collapse collapse \" aria-labelledby=\"heading-5\" data-bs-parent=\"#accordion5\">\r\n\t\t\t\t\t\t<div class=\"accordion-body\">\r\n\t\t\t\t\t\t\t<p><span class=\"TextRun SCXW240771601 BCX0\" lang=\"PL-PL\" xml:lang=\"PL-PL\" data-contrast=\"auto\"><span class=\"NormalTextRun SCXW240771601 BCX0\">Tak. <\/span><span class=\"NormalTextRun SCXW240771601 BCX0\">Dodajemy sukcesywnie podr\u0119czniki do <\/span><span class=\"NormalTextRun SCXW240771601 BCX0\">kolejnych przedmiot\u00f3w do lice\u00f3w i szk\u00f3\u0142 bran\u017cowych.<\/span><\/span><\/p>\r\n\t\t\t\t\t\t<\/div>\r\n\t\t\t\t\t<\/div>\r\n\t\t\t\t<\/div><\/div><div id=\"accordion6\" class=\"accordion\" role=\"tablist\" ><div class=\"accordion-item\">\r\n\t\t\t\t\t<div class=\"accordion-header\" id=\"heading-6\">\r\n\t\t\t\t\t\t<h5><a class=\"accordion-button collapsed\" href=\"#collapse-6\" role=\"button\" aria-expanded=\"false\" data-bs-toggle=\"collapse\" aria-controls=\"collapse-6\">Czy z platformy mog\u0105 korzysta\u0107 wy\u0142\u0105cznie nauczyciele ucz\u0105cy z podr\u0119cznik\u00f3w Operonu?<\/a><\/h5>\r\n\t\t\t\t\t<\/div>\r\n\t\t\t\t\t<div id=\"collapse-6\" class=\"accordion-collapse collapse \" aria-labelledby=\"heading-6\" data-bs-parent=\"#accordion6\">\r\n\t\t\t\t\t\t<div class=\"accordion-body\">\r\n\t\t\t\t\t\t\t<p><span class=\"TextRun SCXW28712661 BCX0\" lang=\"PL-PL\" xml:lang=\"PL-PL\" data-contrast=\"auto\"><span class=\"NormalTextRun SCXW28712661 BCX0\"><span class=\"ui-provider a b c d e f g h i j k l m n o p q r s t u v w x y z ab ac ae af ag ah ai aj ak\" dir=\"ltr\">Z Platformy Operon mog\u0105 korzysta\u0107 wszyscy nauczyciele, niezale\u017cnie od tego, z jakich podr\u0119cznik\u00f3w korzystaj\u0105.<\/span> Platforma <\/span><span class=\"NormalTextRun SCXW28712661 BCX0\">zawiera tre\u015bci i obudow\u0119 do podr\u0119cznik\u00f3w wydawnictwa Operon<\/span><span class=\"NormalTextRun SCXW28712661 BCX0\">. <\/span><span class=\"NormalTextRun SCXW28712661 BCX0\">Z tego wzgl\u0119du najwygodniej b\u0119dzie korzysta\u0107 nauczycielom, kt\u00f3rzy wybrali podr\u0119czniki naszego wydawnictwa.<\/span><\/span><\/p>\r\n\t\t\t\t\t\t<\/div>\r\n\t\t\t\t\t<\/div>\r\n\t\t\t\t<\/div><\/div><div id=\"accordion7\" class=\"accordion\" role=\"tablist\" ><div class=\"accordion-item\">\r\n\t\t\t\t\t<div class=\"accordion-header\" id=\"heading-7\">\r\n\t\t\t\t\t\t<h5><a class=\"accordion-button collapsed\" href=\"#collapse-7\" role=\"button\" aria-expanded=\"false\" data-bs-toggle=\"collapse\" aria-controls=\"collapse-7\">Jak skorzysta\u0107 z materia\u0142\u00f3w do danego podr\u0119cznika?<\/a><\/h5>\r\n\t\t\t\t\t<\/div>\r\n\t\t\t\t\t<div id=\"collapse-7\" class=\"accordion-collapse collapse \" aria-labelledby=\"heading-7\" data-bs-parent=\"#accordion7\">\r\n\t\t\t\t\t\t<div class=\"accordion-body\">\r\n\t\t\t\t\t\t\t<p><span class=\"TextRun SCXW102098964 BCX0\" lang=\"PL-PL\" xml:lang=\"PL-PL\" data-contrast=\"auto\"><span class=\"NormalTextRun SCXW102098964 BCX0\">Aby m\u00f3c skorzysta\u0107 z <\/span><span class=\"NormalTextRun SCXW102098964 BCX0\">tre\u015bci zawartych w platformie, <\/span><span class=\"NormalTextRun SCXW102098964 BCX0\">wystarczy<\/span><span class=\"NormalTextRun SCXW102098964 BCX0\"> wybrany podr\u0119cznik doda\u0107 do \u201e<\/span><span class=\"NormalTextRun SCXW102098964 BCX0\">M<\/span><span class=\"NormalTextRun SCXW102098964 BCX0\">ojej p\u00f3\u0142ki\u201d<\/span><span class=\"NormalTextRun SCXW102098964 BCX0\">. <\/span><span class=\"NormalTextRun SCXW102098964 BCX0\">Po dodaniu publikacji, wszystkie tre\u015bci <\/span><span class=\"NormalTextRun SCXW102098964 BCX0\">s\u0105 ju\u017c dost\u0119pne.<\/span><\/span><\/p>\r\n\t\t\t\t\t\t<\/div>\r\n\t\t\t\t\t<\/div>\r\n\t\t\t\t<\/div><\/div>[\/vc_column][\/vc_row][\/vc_section][vc_section el_id=&#8221;subscribe&#8221; css=&#8221;.vc_custom_1717664922992{background-image: url(https:\/\/www.athenastudio.co\/themes\/naxos-wp\/wp-content\/uploads\/2021\/05\/subscribe.jpg?id=102) !important;}&#8221;][vc_row][vc_column]<div class=\"row justify-content-center\"><div class=\"col-12 col-md-10 col-lg-6\"><div class=\"section-title text-center  white\"><h3>Kurier edukacyjny<\/h3><p>Zapisz si\u0119 na nasz newsletter, aby by\u0107 na bie\u017c\u0105co z nowinkami dotycz\u0105cymi szkolnictwa.<\/p><\/div><\/div><\/div>[\/vc_column][\/vc_row][vc_row][vc_column offset=&#8221;vc_col-lg-offset-3 vc_col-lg-6&#8243;]<form id=\"subscribe-form\" action=\"https:\/\/platforma.operon.pl\/nauczyciel\/wp-content\/plugins\/naxos-addons\/inc\/ajax.php\" method=\"post\">\r\n\t\t\t\t\t<div class=\"input-group mb-3\">\r\n\t\t\t\t\t\t<input type=\"email\" name=\"email\" class=\"form-control field-subscribe\" placeholder=\"Enter Your Email Address\" required \/>\r\n\t\t\t\t\t<\/div>\r\n\t\t\t\t\t<p class=\"mb-0\"><button type=\"submit\" class=\"btn w-100\">Subscribe<\/button><\/p>\r\n\t\t\t\t<\/form>\r\n\t\t\t\t<h3 id=\"subscribe-result\" class=\"text-center text-white\">Thanks for subscribing!<\/h3>[vc_empty_space height=&#8221;30px&#8221;][vc_column_text css=&#8221;&#8221;]<\/p>\n<p style=\"text-align: left;\">Chc\u0119 otrzymywa\u0107 newsletter z informacjami o nowo\u015bciach dotycz\u0105cych szkolnictwa z u\u017cyciem adresu e-mail. Wiem, \u017ce mog\u0119 t\u0119 zgod\u0119 wycofa\u0107 w ka\u017cdym czasie, bez wp\u0142ywu na zgodno\u015b\u0107 z prawem przetwarzania moich danych osobowych przed jej wycofaniem.<br \/>\nAdministratorem Pa\u0144stwa danych osobowych jest Wydawnictwo Pedagogiczne Operon sp. z o.o. w Gdyni. Informacje dotycz\u0105ce przetwarzania przez nas danych osobowych i przys\u0142uguj\u0105cych Pa\u0144stwu prawach dost\u0119pne s\u0105 w <strong><a href=\"https:\/\/operon.pl\/O-Nas\/Polityka-prywatnosci\" target=\"_blank\" rel=\"noopener\">Polityce Prywatno\u015bci.<\/a><\/strong><\/p>\n<p>[\/vc_column_text][\/vc_column][\/vc_row][\/vc_section]<\/p>\n<\/div>","protected":false},"excerpt":{"rendered":"<p>[vc_section el_id=&#8221;banner&#8221;][vc_row][vc_column][\/vc_column][\/vc_row][\/vc_section][vc_section el_id=&#8221;clients&#8221; el_class=&#8221;section-box bg-grey&#8221;][\/vc_section][vc_section el_id=&#8221;features&#8221;][vc_row][vc_column][\/vc_column][\/vc_row][vc_row el_class=&#8221;vc_row-flex align-items-center&#8221;][vc_column width=&#8221;1\/3&#8243;][\/vc_column][vc_column width=&#8221;1\/3&#8243; offset=&#8221;vc_hidden-xs&#8221;][vc_single_image image=&#8221;281&#8243; img_size=&#8221;full&#8221; alignment=&#8221;center&#8221; css=&#8221;&#8221;][\/vc_column][vc_column width=&#8221;1\/3&#8243;][\/vc_column][\/vc_row][\/vc_section][vc_section el_id=&#8221;services&#8221;][vc_row][vc_column][\/vc_column][\/vc_row][vc_row][vc_column width=&#8221;1\/3&#8243;][\/vc_column][vc_column width=&#8221;1\/3&#8243;][\/vc_column][vc_column width=&#8221;1\/3&#8243;][\/vc_column][\/vc_row][\/vc_section][vc_section el_id=&#8221;overview&#8221; el_class=&#8221;bg-grey&#8221;][vc_row][vc_column width=&#8221;5\/12&#8243; el_class=&#8221;text-sm-center res-margin&#8221;][vc_single_image image=&#8221;310&#8243; img_size=&#8221;full&#8221; alignment=&#8221;center&#8221; css=&#8221;&#8221;][\/vc_column][vc_column width=&#8221;1\/2&#8243; offset=&#8221;vc_col-lg-offset-1 vc_col-sm-offset-1&#8243;][\/vc_column][\/vc_row][\/vc_section][vc_section][vc_row][vc_column][\/vc_column][\/vc_row][\/vc_section][vc_section el_id=&#8221;subscribe&#8221; css=&#8221;.vc_custom_1717664922992{background-image: url(https:\/\/www.athenastudio.co\/themes\/naxos-wp\/wp-content\/uploads\/2021\/05\/subscribe.jpg?id=102) !important;}&#8221;][vc_row][vc_column][\/vc_column][\/vc_row][vc_row][vc_column offset=&#8221;vc_col-lg-offset-3 vc_col-lg-6&#8243;][vc_empty_space height=&#8221;30px&#8221;][vc_column_text css=&#8221;&#8221;] Chc\u0119 otrzymywa\u0107 newsletter z informacjami o nowo\u015bciach dotycz\u0105cych szkolnictwa z u\u017cyciem adresu e-mail. Wiem, \u017ce [&hellip;]<\/p>\n","protected":false},"author":1,"featured_media":0,"parent":0,"menu_order":0,"comment_status":"closed","ping_status":"closed","template":"templates\/front.php","meta":{"footnotes":""},"class_list":["post-61","page","type-page","status-publish","hentry"],"_links":{"self":[{"href":"https:\/\/platforma.operon.pl\/nauczyciel\/index.php\/wp-json\/wp\/v2\/pages\/61","targetHints":{"allow":["GET"]}}],"collection":[{"href":"https:\/\/platforma.operon.pl\/nauczyciel\/index.php\/wp-json\/wp\/v2\/pages"}],"about":[{"href":"https:\/\/platforma.operon.pl\/nauczyciel\/index.php\/wp-json\/wp\/v2\/types\/page"}],"author":[{"embeddable":true,"href":"https:\/\/platforma.operon.pl\/nauczyciel\/index.php\/wp-json\/wp\/v2\/users\/1"}],"replies":[{"embeddable":true,"href":"https:\/\/platforma.operon.pl\/nauczyciel\/index.php\/wp-json\/wp\/v2\/comments?post=61"}],"version-history":[{"count":40,"href":"https:\/\/platforma.operon.pl\/nauczyciel\/index.php\/wp-json\/wp\/v2\/pages\/61\/revisions"}],"predecessor-version":[{"id":335,"href":"https:\/\/platforma.operon.pl\/nauczyciel\/index.php\/wp-json\/wp\/v2\/pages\/61\/revisions\/335"}],"wp:attachment":[{"href":"https:\/\/platforma.operon.pl\/nauczyciel\/index.php\/wp-json\/wp\/v2\/media?parent=61"}],"curies":[{"name":"wp","href":"https:\/\/api.w.org\/{rel}","templated":true}]}}